{"id":36,"date":"2018-01-06T14:30:28","date_gmt":"2018-01-06T13:30:28","guid":{"rendered":"https:\/\/www.noitrento.it\/zonepastorali\/montagnagiovani\/?page_id=36"},"modified":"2018-02-10T18:37:18","modified_gmt":"2018-02-10T17:37:18","slug":"il-ricordo-di-michele","status":"publish","type":"page","link":"https:\/\/www.noitrento.it\/zonepastorali\/montagnagiovani\/chi-siamo\/il-ricordo-di-michele\/","title":{"rendered":"Il ricordo di Michele"},"content":{"rendered":"<p><span style=\"font-family: verdana, geneva, sans-serif;font-size: 12pt\"><strong>Michele Niccolini\u00a0<\/strong>promosse e sostenne fin dal suo principio l&#8217;iniziativa di <strong>&#8220;<em>Montagna Giovani&#8221;<\/em><\/strong>, rivolta al popolo dei giovani della diocesi.<\/span><\/p>\n<p><span style=\"font-family: verdana, geneva, sans-serif;font-size: 12pt\">S\u00ec, non c&#8217;era alcun dubbio che fosse la persona giusta per guidare un gruppo, perch\u00e9 aveva la capacit\u00e0 di trasmettere la sua grande passione per la montagna e la fede in Dio.<\/span><\/p>\n<p><span style=\"font-family: verdana, geneva, sans-serif;font-size: 12pt\">Senza tanto sbandieramento, nella semplicit\u00e0 delle amicizie che si fanno con lo zaino in spalla, i suoi gesti ne rivelavano il tratto interiore: modestia, pacatezza, competenza, disponibilit\u00e0, vicinanza anche all&#8217;ultimo della fila. Era umile, ma mai rinunciatario all&#8217;idea di arrivare fino in cima alla montagna! Anzi se aveva il tempo e la possibilit\u00e0, in una sola giornata toccava anche pi\u00f9 cime.<\/span><\/p>\n<p><span style=\"font-family: verdana, geneva, sans-serif;font-size: 12pt\">Era una sfida con s\u00e9 stesso, pi\u00f9 che con gli altri, si metteva sempre alla prova, ed \u00e8 cos\u00ec che bisogna fare se si vuole crescere. L&#8217;orgoglio e la soddisfazione di avere raggiunto una nuova meta, lo si capiva dal fatto che cartina geografica alla mano, evidenziava tutti i percorsi portati a termine.<\/span><\/p>\n<p><span style=\"font-family: verdana, geneva, sans-serif;font-size: 12pt\">Egoisticamente parlando, crediamo di aver perso la persona che era, invece no! Rimarr\u00e0 sempre in mezzo a noi, con il suo esempio ed il nostro ricordo.<\/span><\/p>\n<p>&nbsp;<\/p>\n","protected":false},"excerpt":{"rendered":"<p>Michele Niccolini\u00a0promosse e sostenne fin dal suo principio l&#8217;iniziativa di &#8220;Montagna Giovani&#8221;, rivolta al popolo dei giovani della diocesi. S\u00ec, non c&#8217;era alcun dubbio che fosse la persona giusta per guidare un gruppo, perch\u00e9 aveva la capacit\u00e0 di trasmettere la sua grande passione per la montagna e la fede in Dio. Senza tanto sbandieramento, nella <a href=\"https:\/\/www.noitrento.it\/zonepastorali\/montagnagiovani\/chi-siamo\/il-ricordo-di-michele\/\" rel=\"nofollow\"><span class=\"sr-only\">Leggi di pi\u00f9Il ricordo di Michele<\/span>[&hellip;]<\/a><\/p>\n","protected":false},"author":6,"featured_media":0,"parent":12,"menu_order":0,"comment_status":"closed","ping_status":"closed","template":"","meta":[],"_links":{"self":[{"href":"https:\/\/www.noitrento.it\/zonepastorali\/montagnagiovani\/wp-json\/wp\/v2\/pages\/36"}],"collection":[{"href":"https:\/\/www.noitrento.it\/zonepastorali\/montagnagiovani\/wp-json\/wp\/v2\/pages"}],"about":[{"href":"https:\/\/www.noitrento.it\/zonepastorali\/montagnagiovani\/wp-json\/wp\/v2\/types\/page"}],"author":[{"embeddable":true,"href":"https:\/\/www.noitrento.it\/zonepastorali\/montagnagiovani\/wp-json\/wp\/v2\/users\/6"}],"replies":[{"embeddable":true,"href":"https:\/\/www.noitrento.it\/zonepastorali\/montagnagiovani\/wp-json\/wp\/v2\/comments?post=36"}],"version-history":[{"count":19,"href":"https:\/\/www.noitrento.it\/zonepastorali\/montagnagiovani\/wp-json\/wp\/v2\/pages\/36\/revisions"}],"predecessor-version":[{"id":429,"href":"https:\/\/www.noitrento.it\/zonepastorali\/montagnagiovani\/wp-json\/wp\/v2\/pages\/36\/revisions\/429"}],"up":[{"embeddable":true,"href":"https:\/\/www.noitrento.it\/zonepastorali\/montagnagiovani\/wp-json\/wp\/v2\/pages\/12"}],"wp:attachment":[{"href":"https:\/\/www.noitrento.it\/zonepastorali\/montagnagiovani\/wp-json\/wp\/v2\/media?parent=36"}],"curies":[{"name":"wp","href":"https:\/\/api.w.org\/{rel}","templated":true}]}}